{"id":13,"date":"2022-12-23T14:10:42","date_gmt":"2022-12-23T13:10:42","guid":{"rendered":"https:\/\/www.spd-bremen-walle.de\/wordpress\/?page_id=13"},"modified":"2026-04-22T19:31:41","modified_gmt":"2026-04-22T17:31:41","slug":"startseite","status":"publish","type":"page","link":"https:\/\/www.spd-bremen-walle.de\/wordpress\/","title":{"rendered":"Startseite"},"content":{"rendered":"\n<div class=\"wp-block-group alignwide\"><div class=\"wp-block-group__inner-container is-layout-flow wp-block-group-is-layout-flow\">\n<h2 class=\"wp-block-heading has-text-align-center\">Moin Walle!<\/h2>\n\n\n\n<p class=\"has-text-align-center\">Herzlich willkommen auf der Homepage der SPD im Stadtteil.<\/p>\n<\/div><\/div>\n\n\n\n<div class=\"wp-block-columns alignwide is-layout-flex wp-container-core-columns-is-layout-d0b3c9c8 wp-block-columns-is-layout-flex\">\n<div class=\"wp-block-column is-layout-flow wp-block-column-is-layout-flow\">\n<div class=\"wp-block-group\"><div class=\"wp-block-group__inner-container is-layout-flow wp-block-group-is-layout-flow\">\n<figure class=\"wp-block-image alignfull size-large\"><a href=\"https:\/\/www.spd-bremen-walle.de\/wordpress\/?page_id=14\"><img loading=\"lazy\" decoding=\"async\" width=\"1024\" height=\"597\" src=\"https:\/\/www.spd-bremen-walle.de\/wordpress\/wp-content\/uploads\/2022\/12\/1_20221228_133920_0000-1024x597.png\" alt=\"\" class=\"wp-image-111\" srcset=\"https:\/\/www.spd-bremen-walle.de\/wordpress\/wp-content\/uploads\/2022\/12\/1_20221228_133920_0000-1024x597.png 1024w, https:\/\/www.spd-bremen-walle.de\/wordpress\/wp-content\/uploads\/2022\/12\/1_20221228_133920_0000-300x175.png 300w, https:\/\/www.spd-bremen-walle.de\/wordpress\/wp-content\/uploads\/2022\/12\/1_20221228_133920_0000-768x448.png 768w, https:\/\/www.spd-bremen-walle.de\/wordpress\/wp-content\/uploads\/2022\/12\/1_20221228_133920_0000.png 1200w\" sizes=\"auto, (max-width: 1024px) 100vw, 1024px\" \/><\/a><figcaption class=\"wp-element-caption\">Vorstand des Ortsverein Walle. (Bild: Privat)<\/figcaption><\/figure>\n\n\n\n<h3 class=\"wp-block-heading\">Ortsverein<\/h3>\n\n\n\n<p>Informationen zur Arbeit des Ortsvereins.<\/p>\n\n\n\n<div class=\"wp-block-button is-style-outline is-style-outline--1\"><a class=\"wp-block-button__link has-background-color has-text-color has-background has-link-color wp-element-button\" href=\"https:\/\/www.spd-bremen-walle.de\/wordpress\/?page_id=14\" style=\"background-color:#e3000f\">Weiterlesen<\/a><\/div>\n<\/div><\/div>\n\n\n\n<div class=\"wp-block-group\"><div class=\"wp-block-group__inner-container is-layout-flow wp-block-group-is-layout-flow\">\n<figure class=\"wp-block-image alignfull size-large\"><a href=\"https:\/\/www.spd-bremen-walle.de\/wordpress\/?page_id=63\"><img loading=\"lazy\" decoding=\"async\" width=\"1024\" height=\"597\" src=\"https:\/\/www.spd-bremen-walle.de\/wordpress\/wp-content\/uploads\/2022\/12\/2_20221228_133920_0001-1024x597.png\" alt=\"\" class=\"wp-image-113\" srcset=\"https:\/\/www.spd-bremen-walle.de\/wordpress\/wp-content\/uploads\/2022\/12\/2_20221228_133920_0001-1024x597.png 1024w, https:\/\/www.spd-bremen-walle.de\/wordpress\/wp-content\/uploads\/2022\/12\/2_20221228_133920_0001-300x175.png 300w, https:\/\/www.spd-bremen-walle.de\/wordpress\/wp-content\/uploads\/2022\/12\/2_20221228_133920_0001-768x448.png 768w, https:\/\/www.spd-bremen-walle.de\/wordpress\/wp-content\/uploads\/2022\/12\/2_20221228_133920_0001.png 1200w\" sizes=\"auto, (max-width: 1024px) 100vw, 1024px\" \/><\/a><figcaption class=\"wp-element-caption\">B\u00fcrgerschaftsabgeordneter Falk Wagner (Bild: SPD Bremen)<\/figcaption><\/figure>\n\n\n\n<h3 class=\"wp-block-heading\">B\u00fcrgerschaft<\/h3>\n\n\n\n<p>Informationen zur Arbeit unseres B\u00fcrgerschaftsabgeordneten.<\/p>\n\n\n\n<div class=\"wp-block-button is-style-outline is-style-outline--2\"><a class=\"wp-block-button__link has-background-color has-text-color has-background has-link-color wp-element-button\" href=\"https:\/\/www.spd-bremen-walle.de\/wordpress\/?page_id=63\" style=\"background-color:#e3000f\">Weiterlesen<\/a><\/div>\n<\/div><\/div>\n<\/div>\n\n\n\n<div class=\"wp-block-column is-layout-flow wp-block-column-is-layout-flow\">\n<div class=\"wp-block-group\"><div class=\"wp-block-group__inner-container is-layout-flow wp-block-group-is-layout-flow\">\n<figure class=\"wp-block-image alignfull size-large\"><a href=\"https:\/\/www.spd-bremen-walle.de\/wordpress\/?page_id=78\"><img loading=\"lazy\" decoding=\"async\" width=\"1024\" height=\"597\" src=\"https:\/\/www.spd-bremen-walle.de\/wordpress\/wp-content\/uploads\/2022\/12\/20221229_204422_0000-1024x597.png\" alt=\"\" class=\"wp-image-123\" srcset=\"https:\/\/www.spd-bremen-walle.de\/wordpress\/wp-content\/uploads\/2022\/12\/20221229_204422_0000-1024x597.png 1024w, https:\/\/www.spd-bremen-walle.de\/wordpress\/wp-content\/uploads\/2022\/12\/20221229_204422_0000-300x175.png 300w, https:\/\/www.spd-bremen-walle.de\/wordpress\/wp-content\/uploads\/2022\/12\/20221229_204422_0000-768x448.png 768w, https:\/\/www.spd-bremen-walle.de\/wordpress\/wp-content\/uploads\/2022\/12\/20221229_204422_0000.png 1200w\" sizes=\"auto, (max-width: 1024px) 100vw, 1024px\" \/><\/a><figcaption class=\"wp-element-caption\">Symbolbild (Bild: <a href=\"https:\/\/pixabay.com\/users\/geisteskerker-1410564\/?utm_source=link-attribution&amp;utm_medium=referral&amp;utm_campaign=image&amp;utm_content=2106924\">Jana Schneider<\/a> \/ <a href=\"https:\/\/pixabay.com\/\/?utm_source=link-attribution&amp;utm_medium=referral&amp;utm_campaign=image&amp;utm_content=2106924\">Pixabay<\/a>)<\/figcaption><\/figure>\n\n\n\n<h3 class=\"wp-block-heading\">Beirat<\/h3>\n\n\n\n<p>Informationen zu unser Arbeit im Beirat.<\/p>\n\n\n\n<div class=\"wp-block-button is-style-outline is-style-outline--3\"><a class=\"wp-block-button__link has-background-color has-text-color has-background has-link-color wp-element-button\" href=\"https:\/\/www.spd-bremen-walle.de\/wordpress\/?page_id=78\" style=\"background-color:#e3000f\">Weiterlesen<\/a><\/div>\n<\/div><\/div>\n\n\n\n<div class=\"wp-block-group\"><div class=\"wp-block-group__inner-container is-layout-flow wp-block-group-is-layout-flow\">\n<figure class=\"wp-block-image alignfull size-large\"><img loading=\"lazy\" decoding=\"async\" width=\"1024\" height=\"597\" src=\"https:\/\/www.spd-bremen-walle.de\/wordpress\/wp-content\/uploads\/2022\/12\/png_20221229_203110_0000-1024x597.png\" alt=\"\" class=\"wp-image-119\" srcset=\"https:\/\/www.spd-bremen-walle.de\/wordpress\/wp-content\/uploads\/2022\/12\/png_20221229_203110_0000-1024x597.png 1024w, https:\/\/www.spd-bremen-walle.de\/wordpress\/wp-content\/uploads\/2022\/12\/png_20221229_203110_0000-300x175.png 300w, https:\/\/www.spd-bremen-walle.de\/wordpress\/wp-content\/uploads\/2022\/12\/png_20221229_203110_0000-768x448.png 768w, https:\/\/www.spd-bremen-walle.de\/wordpress\/wp-content\/uploads\/2022\/12\/png_20221229_203110_0000.png 1200w\" sizes=\"auto, (max-width: 1024px) 100vw, 1024px\" \/><figcaption class=\"wp-element-caption\">Symbolbild (Bild: <a href=\"https:\/\/pixabay.com\/users\/maem-5698852\/?utm_source=link-attribution&amp;utm_medium=referral&amp;utm_campaign=image&amp;utm_content=2428560\">Mae<\/a> \/ <a href=\"https:\/\/pixabay.com\/\/?utm_source=link-attribution&amp;utm_medium=referral&amp;utm_campaign=image&amp;utm_content=2428560\">Pixabay<\/a>)<\/figcaption><\/figure>\n\n\n\n<h3 class=\"wp-block-heading\">Termine<\/h3>\n\n\n\n<p>Unsere Termine auf einen Blick.<\/p>\n\n\n\n<div class=\"wp-block-button is-style-outline is-style-outline--4\"><a class=\"wp-block-button__link has-background-color has-text-color has-background has-link-color wp-element-button\" href=\"https:\/\/www.spd-bremen-walle.de\/wordpress\/?page_id=137\" style=\"background-color:#e3000f\">Weiterlesen<\/a><\/div>\n<\/div><\/div>\n<\/div>\n<\/div>\n\n\n\n<figure class=\"wp-block-image alignfull size-large\"><img loading=\"lazy\" decoding=\"async\" width=\"1024\" height=\"683\" src=\"https:\/\/www.spd-bremen-walle.de\/wordpress\/wp-content\/uploads\/2022\/12\/P2020094-1024x683.jpg\" alt=\"\" class=\"wp-image-46\" srcset=\"https:\/\/www.spd-bremen-walle.de\/wordpress\/wp-content\/uploads\/2022\/12\/P2020094-1024x683.jpg 1024w, https:\/\/www.spd-bremen-walle.de\/wordpress\/wp-content\/uploads\/2022\/12\/P2020094-300x200.jpg 300w, https:\/\/www.spd-bremen-walle.de\/wordpress\/wp-content\/uploads\/2022\/12\/P2020094-768x512.jpg 768w, https:\/\/www.spd-bremen-walle.de\/wordpress\/wp-content\/uploads\/2022\/12\/P2020094-1536x1025.jpg 1536w, https:\/\/www.spd-bremen-walle.de\/wordpress\/wp-content\/uploads\/2022\/12\/P2020094-2048x1367.jpg 2048w, https:\/\/www.spd-bremen-walle.de\/wordpress\/wp-content\/uploads\/2022\/12\/P2020094-1200x801.jpg 1200w, https:\/\/www.spd-bremen-walle.de\/wordpress\/wp-content\/uploads\/2022\/12\/P2020094-1980x1321.jpg 1980w\" sizes=\"auto, (max-width: 1024px) 100vw, 1024px\" \/><figcaption class=\"wp-element-caption\">Stadtteilwahrzeichen: Der Waller Fernsehturm (Bild: Privat)<\/figcaption><\/figure>\n\n\n\n<h2 class=\"wp-block-heading has-text-align-center has-text-color\" style=\"color:#e3000f\">Soziale Politik f\u00fcr Dich. Und f\u00fcr unseren Stadtteil.<\/h2>\n\n\n\n<p><mark style=\"background-color:rgba(0, 0, 0, 0)\" class=\"has-inline-color has-primary-color\">Als<\/mark> Ortsverein haben wir den Anspruch, uns mit Themen zu besch\u00e4ftigen die f\u00fcr Menschen in Walle besonders wichtig sind. Dabei arbeiten wir eng mit unserer Beiratsfraktion zusammen. Dar\u00fcber hinaus greifen wir auch Inhalte und Ideen aus der Stadt- und Bundespolitik, aus Europa und der Welt auf. Unsere Quartiere in Walle sind gepr\u00e4gt durch eine gute soziale Durchmischung und das Zusammenleben aller Generationen und Geschlechter. Wir wollen, dass Walle f\u00fcr Jung und Alt attraktiv bleibt.<\/p>\n\n\n\n<div class=\"wp-block-group alignwide has-background\" style=\"background-color:#ffffff\"><div class=\"wp-block-group__inner-container is-layout-flow wp-block-group-is-layout-flow\">\n<div class=\"wp-block-group\"><div class=\"wp-block-group__inner-container is-layout-flow wp-block-group-is-layout-flow\">\n<h2 class=\"wp-block-heading has-text-align-center\">Mitreden, mitbestimmen, Mitglied werden!<\/h2>\n\n\n\n<div class=\"wp-block-button aligncenter\"><a class=\"wp-block-button__link has-background wp-element-button\" href=\"https:\/\/www.spd.de\/unterstuetzen\/mitglied-werden\/\" style=\"background-color:#e3000f\" target=\"_blank\" rel=\"noreferrer noopener\">Jetzt in die SPD<br>EINTRETEN!<\/a><\/div>\n<\/div><\/div>\n<\/div><\/div>\n","protected":false},"excerpt":{"rendered":"<p>Moin Walle! Herzlich willkommen auf der Homepage der SPD im Stadtteil. Ortsverein Informationen zur Arbeit des Ortsvereins. B\u00fcrgerschaft Informationen zur Arbeit unseres B\u00fcrgerschaftsabgeordneten. Beirat Informationen zu unser Arbeit im Beirat. Termine Unsere Termine auf einen Blick. Soziale Politik f\u00fcr Dich. Und f\u00fcr unseren Stadtteil. Als Ortsverein haben wir den Anspruch, uns mit Themen zu besch\u00e4ftigen&hellip;<\/p>\n","protected":false},"author":1,"featured_media":47,"parent":0,"menu_order":0,"comment_status":"closed","ping_status":"closed","template":"","meta":{"footnotes":""},"class_list":["post-13","page","type-page","status-publish","has-post-thumbnail","hentry"],"_links":{"self":[{"href":"https:\/\/www.spd-bremen-walle.de\/wordpress\/index.php?rest_route=\/wp\/v2\/pages\/13","targetHints":{"allow":["GET"]}}],"collection":[{"href":"https:\/\/www.spd-bremen-walle.de\/wordpress\/index.php?rest_route=\/wp\/v2\/pages"}],"about":[{"href":"https:\/\/www.spd-bremen-walle.de\/wordpress\/index.php?rest_route=\/wp\/v2\/types\/page"}],"author":[{"embeddable":true,"href":"https:\/\/www.spd-bremen-walle.de\/wordpress\/index.php?rest_route=\/wp\/v2\/users\/1"}],"replies":[{"embeddable":true,"href":"https:\/\/www.spd-bremen-walle.de\/wordpress\/index.php?rest_route=%2Fwp%2Fv2%2Fcomments&post=13"}],"version-history":[{"count":28,"href":"https:\/\/www.spd-bremen-walle.de\/wordpress\/index.php?rest_route=\/wp\/v2\/pages\/13\/revisions"}],"predecessor-version":[{"id":696,"href":"https:\/\/www.spd-bremen-walle.de\/wordpress\/index.php?rest_route=\/wp\/v2\/pages\/13\/revisions\/696"}],"wp:featuredmedia":[{"embeddable":true,"href":"https:\/\/www.spd-bremen-walle.de\/wordpress\/index.php?rest_route=\/wp\/v2\/media\/47"}],"wp:attachment":[{"href":"https:\/\/www.spd-bremen-walle.de\/wordpress\/index.php?rest_route=%2Fwp%2Fv2%2Fmedia&parent=13"}],"curies":[{"name":"wp","href":"https:\/\/api.w.org\/{rel}","templated":true}]}}