{"id":399,"date":"2023-03-16T21:31:35","date_gmt":"2023-03-16T20:31:35","guid":{"rendered":"https:\/\/www.spd-bremen-walle.de\/wordpress\/?page_id=399"},"modified":"2023-03-16T21:46:39","modified_gmt":"2023-03-16T20:46:39","slug":"walle-blog","status":"publish","type":"page","link":"https:\/\/www.spd-bremen-walle.de\/wordpress\/?page_id=399","title":{"rendered":"Walle-Blog"},"content":{"rendered":"\n<h2 class=\"wp-block-heading\">Unser Blog f\u00fcr Walle<\/h2>\n\n\n\n<p class=\"tw-mb-0\">An dieser Stelle wollen wir \u00fcber unsere Arbeit und unseren Stadtteil informieren. Wir planen kurze Berichte aus Beirat und B\u00fcrgerschaft, Meinungsartikel zur aktuellen Lage und hintergr\u00fcndige Informationen zu wichtigen Themen im Stadtteil.<\/p>\n\n\n\n<hr class=\"wp-block-separator has-alpha-channel-opacity\"\/>\n\n\n\n<div class=\"wp-block-query is-layout-flow wp-block-query-is-layout-flow\"><ul class=\"wp-block-post-template is-layout-flow wp-block-post-template-is-layout-flow\"><li class=\"wp-block-post post-655 post type-post status-publish format-standard hentry category-allgemein tag-columbusstrasse tag-dekolonice-walle tag-entkolonisieren tag-karl-peters-strasse tag-leutweinstrasse tag-nachtigalstrasse tag-strassenumbenennung tag-walle tag-walle-entkolonisieren\">\n<h2 class=\"wp-block-post-title\">Stra\u00dfenumbenennung &#8211; SPD setzt im Beirat auf Beteiligung der Anwohner<\/h2>\n\n\n<div class=\"wp-block-columns is-layout-flex wp-container-core-columns-is-layout-d0b3c9c8 wp-block-columns-is-layout-flex\">\n<div class=\"wp-block-column tw-mb-0 is-layout-flow wp-block-column-is-layout-flow\"><div class=\"wp-block-post-author\"><div class=\"wp-block-post-author__avatar\"><img alt='' src='https:\/\/secure.gravatar.com\/avatar\/0894bfdfc0a3a46407fba9179049b0f99c8b70ecf5c2b92d7dc0ba5ef876edaa?s=48&#038;d=mm&#038;r=g' srcset='https:\/\/secure.gravatar.com\/avatar\/0894bfdfc0a3a46407fba9179049b0f99c8b70ecf5c2b92d7dc0ba5ef876edaa?s=96&#038;d=mm&#038;r=g 2x' class='avatar avatar-48 photo' height='48' width='48' \/><\/div><div class=\"wp-block-post-author__content\"><p class=\"wp-block-post-author__name\">Redakteur<\/p><\/div><\/div><\/div>\n\n\n\n<div class=\"wp-block-column tw-mb-0 is-layout-flow wp-block-column-is-layout-flow\"><div class=\"wp-block-post-date\"><time datetime=\"2024-07-09T20:51:00+02:00\">9. Juli 2024<\/time><\/div><\/div>\n<\/div>\n\n\n\n\n<div class=\"entry-content wp-block-post-content is-layout-flow wp-block-post-content-is-layout-flow\">\n<p>Der Beirat hat sich in seiner letzten Sitzung mit einem Antrag der Stadtteilinitiative \u201eWalle entkolonisieren!\u201c besch\u00e4ftigt. Diese hatte beantragt vier Stra\u00dfen im Ortsteil Steffensweg (Columbus-, Karl-Peters-, Leutwein- und Nachtigalstra\u00dfe) umzubenennen, da diese verbrecherischen Pers\u00f6nlichkeiten der Kolonialzeit ehren (mehr Informationen dazu auf der Internetseite der Initiative). Dem Antrag ging eine lange Vorgeschichte mit intensivem Austausch mit dem Beirat und verschiedenen Institutionen im Stadtteil voraus.<\/p>\n\n\n\n<p>Auch die SPD hat sich hierbei immer eindeutig positioniert: <strong>F\u00fcr eine Umbenennung der Stra\u00dfen, aber mit Beteiligung der Anwohnerinnen und Anwohner!<\/strong> Diese Position haben wir im Beirat vertreten und f\u00fcr diese Position stehen wir ein.<\/p>\n\n\n\n<p><strong>Drei Gedanken pr\u00e4gen die Position der SPD:<\/strong> Erstens, die koloniale Vergangenheit ist Unrecht und die Stra\u00dfennamen sind als Relikte dieser Zeit heute nicht mehr angemessen. Es braucht Erinnerung an die Verbrechen der Kolonialzeit, ohne Ehrung der Kolonialverbrecher. Zweitens, die Entscheidungshoheit \u00fcber die Benennung und Umbenennung von Stra\u00dfen hat der Beirat. Nicht zuletzt, weil der Umgang mit dem geschichtlichen Erbe eine gesamtgesellschaftliche Aufgabe ist und es f\u00fcr eben solche Entscheidungen die demokratisch gew\u00e4hlte Vertretung der gesamten Gesellschaft braucht \u2013 in diesem Fall das \u201eStadtteilparlament\u201c, also den Beirat. Und drittens, die Anwohnerinnen und Anwohner sind bei den entsprechenden Planungen zu beteiligen, da diese von dem entstehenden Aufwand durch die Stra\u00dfenumbenennung direkt betroffenen sind.&nbsp; Diesen Dialog sind wir ihnen schuldig, weil die Gesellschaft ihnen mit einer potenziellen Umbenennung ihrer Stra\u00dfe auch einiges abverlangt.<\/p>\n\n\n\n<p>Die SPD hat, basierend auf diesen Gedanken, in der Beiratssitzung einen Antrag eingebracht, der anstelle des urspr\u00fcnglichen Antrags beschlossen wurde. Dieser sieht vor, dass die Anwohnerinnen und Anwohner der betroffenen Stra\u00dfen vor einer Umbenennung beteiligt werden. Wir stehen damit zu dem Versprechen aus unserem Wahlprogramm:<strong> \u201eEntscheidungen \u00fcber den Umgang mit den betreffenden Stra\u00dfen wollen wir im Dialog mit Anwohner*innen und Betroffenen treffen und nicht \u00fcber die K\u00f6pfe der B\u00fcrger*innen hinweg.\u201c<\/strong><\/p>\n\n\n\n<p>Auf Dr\u00e4ngen der SPD ist daher im Beirat eine Arbeitsgruppe eingesetzt worden, welche die Details der Befragung erarbeitet und den Prozess organisiert. Um eine gro\u00dfe Beteiligung zu erreichen, wollen wir m\u00f6glichst eine Kombination aus verschiedenen R\u00fcckmeldem\u00f6glichkeiten schaffen \u2013 digital, postalisch, pers\u00f6nlich. Das Ortsamt pr\u00fcft derzeit, was dabei m\u00f6glich ist. Ziel ist es, die Befragung bis Ende des Jahres abzuschlie\u00dfen und dann im Beirat \u00fcber das Ergebnis zu beraten.<\/p>\n\n\n\n<p>Bis das Verfahren startet, bitten wir die Anwohnerinnen und Anwohner um etwas Geduld, wir versichern, dass die SPD Ihre Sorgen ernst nimmt und jederzeit offen f\u00fcr Anliegen ist. Kontaktieren Sie uns gerne \u00fcber dieses Formular: <\/p>\n\n\n\n<div class=\"wp-block-contact-form-7-contact-form-selector\">\n<div class=\"wpcf7 no-js\" id=\"wpcf7-f72-o1\" lang=\"de-DE\" dir=\"ltr\" data-wpcf7-id=\"72\">\n<div class=\"screen-reader-response\"><p role=\"status\" aria-live=\"polite\" aria-atomic=\"true\"><\/p> <ul><\/ul><\/div>\n<form action=\"\/wordpress\/index.php?rest_route=%2Fwp%2Fv2%2Fpages%2F399#wpcf7-f72-o1\" method=\"post\" class=\"wpcf7-form init\" aria-label=\"Kontaktformular\" novalidate=\"novalidate\" data-status=\"init\">\n<fieldset class=\"hidden-fields-container\"><input type=\"hidden\" name=\"_wpcf7\" value=\"72\" \/><input type=\"hidden\" name=\"_wpcf7_version\" value=\"6.1.5\" \/><input type=\"hidden\" name=\"_wpcf7_locale\" value=\"de_DE\" \/><input type=\"hidden\" name=\"_wpcf7_unit_tag\" value=\"wpcf7-f72-o1\" \/><input type=\"hidden\" name=\"_wpcf7_container_post\" value=\"0\" \/><input type=\"hidden\" name=\"_wpcf7_posted_data_hash\" value=\"\" \/>\n<\/fieldset>\n<p><label> Dein Name<br \/>\n<span class=\"wpcf7-form-control-wrap\" data-name=\"your-name\"><input size=\"40\" maxlength=\"400\" class=\"wpcf7-form-control wpcf7-text wpcf7-validates-as-required\" autocomplete=\"name\" aria-required=\"true\" aria-invalid=\"false\" value=\"\" type=\"text\" name=\"your-name\" \/><\/span> <\/label>\n<\/p>\n<p><label> Deine E-Mail-Adresse<br \/>\n<span class=\"wpcf7-form-control-wrap\" data-name=\"your-email\"><input size=\"40\" maxlength=\"400\" class=\"wpcf7-form-control wpcf7-email wpcf7-validates-as-required wpcf7-text wpcf7-validates-as-email\" autocomplete=\"email\" aria-required=\"true\" aria-invalid=\"false\" value=\"\" type=\"email\" name=\"your-email\" \/><\/span> <\/label>\n<\/p>\n<p><label> Betreff<br \/>\n<span class=\"wpcf7-form-control-wrap\" data-name=\"your-subject\"><input size=\"40\" maxlength=\"400\" class=\"wpcf7-form-control wpcf7-text wpcf7-validates-as-required\" aria-required=\"true\" aria-invalid=\"false\" value=\"\" type=\"text\" name=\"your-subject\" \/><\/span> <\/label>\n<\/p>\n<p><label> Deine Nachricht (optional)<br \/>\n<span class=\"wpcf7-form-control-wrap\" data-name=\"your-message\"><textarea cols=\"40\" rows=\"10\" maxlength=\"2000\" class=\"wpcf7-form-control wpcf7-textarea\" aria-invalid=\"false\" name=\"your-message\"><\/textarea><\/span> <\/label>\n<\/p>\n<p><input class=\"wpcf7-form-control wpcf7-submit has-spinner\" type=\"submit\" value=\"Senden\" \/>\n<\/p><div class=\"wpcf7-response-output\" aria-hidden=\"true\"><\/div>\n<\/form>\n<\/div>\n<\/div>\n<\/div>\n\n\n<hr class=\"wp-block-separator has-css-opacity\"\/>\n\n<\/li><li class=\"wp-block-post post-598 post type-post status-publish format-standard has-post-thumbnail hentry category-allgemein\">\n<h2 class=\"wp-block-post-title\">Gute Nachricht: Spielplatz an der Auguststra\u00dfe wird modernisiert!<\/h2>\n\n\n<div class=\"wp-block-columns is-layout-flex wp-container-core-columns-is-layout-d0b3c9c8 wp-block-columns-is-layout-flex\">\n<div class=\"wp-block-column tw-mb-0 is-layout-flow wp-block-column-is-layout-flow\"><div class=\"wp-block-post-author\"><div class=\"wp-block-post-author__avatar\"><img alt='' src='https:\/\/secure.gravatar.com\/avatar\/92ecdae320c1d95ae7def9d7a3e28abdae23fef65e141f34eb3b2846f5a4cf81?s=48&#038;d=mm&#038;r=g' srcset='https:\/\/secure.gravatar.com\/avatar\/92ecdae320c1d95ae7def9d7a3e28abdae23fef65e141f34eb3b2846f5a4cf81?s=96&#038;d=mm&#038;r=g 2x' class='avatar avatar-48 photo' height='48' width='48' \/><\/div><div class=\"wp-block-post-author__content\"><p class=\"wp-block-post-author__name\">admin<\/p><\/div><\/div><\/div>\n\n\n\n<div class=\"wp-block-column tw-mb-0 is-layout-flow wp-block-column-is-layout-flow\"><div class=\"wp-block-post-date\"><time datetime=\"2024-06-11T16:59:09+02:00\">11. Juni 2024<\/time><\/div><\/div>\n<\/div>\n\n\n<figure class=\"alignwide tw-mt-0 wp-block-post-featured-image\"><a href=\"https:\/\/www.spd-bremen-walle.de\/wordpress\/?p=598\" target=\"_self\"  ><img loading=\"lazy\" decoding=\"async\" width=\"1200\" height=\"701\" src=\"https:\/\/www.spd-bremen-walle.de\/wordpress\/wp-content\/uploads\/2024\/06\/IMG_20240607_094635-e1718117939681-1200x701.jpg\" class=\"attachment-post-thumbnail size-post-thumbnail wp-post-image\" alt=\"Gute Nachricht: Spielplatz an der Auguststra\u00dfe wird modernisiert!\" style=\"object-fit:cover;\" srcset=\"https:\/\/www.spd-bremen-walle.de\/wordpress\/wp-content\/uploads\/2024\/06\/IMG_20240607_094635-e1718117939681-1200x701.jpg 1200w, https:\/\/www.spd-bremen-walle.de\/wordpress\/wp-content\/uploads\/2024\/06\/IMG_20240607_094635-e1718117939681-300x175.jpg 300w, https:\/\/www.spd-bremen-walle.de\/wordpress\/wp-content\/uploads\/2024\/06\/IMG_20240607_094635-e1718117939681-1024x598.jpg 1024w, https:\/\/www.spd-bremen-walle.de\/wordpress\/wp-content\/uploads\/2024\/06\/IMG_20240607_094635-e1718117939681-768x449.jpg 768w, https:\/\/www.spd-bremen-walle.de\/wordpress\/wp-content\/uploads\/2024\/06\/IMG_20240607_094635-e1718117939681-1536x898.jpg 1536w, https:\/\/www.spd-bremen-walle.de\/wordpress\/wp-content\/uploads\/2024\/06\/IMG_20240607_094635-e1718117939681-2048x1197.jpg 2048w, https:\/\/www.spd-bremen-walle.de\/wordpress\/wp-content\/uploads\/2024\/06\/IMG_20240607_094635-e1718117939681-1980x1157.jpg 1980w\" sizes=\"auto, (max-width: 1200px) 100vw, 1200px\" \/><\/a><\/figure>\n\n<div class=\"entry-content wp-block-post-content is-layout-flow wp-block-post-content-is-layout-flow\">\n<p>Der Spielplatz an der Auguststra\u00dfe soll modernisiert und erneuert werden. Die dazu notwendigen Bauarbeiten am Spielplatz sollen noch im Sommer beginnen. Ganz besonders freuen wir uns \u00fcber die Planungen f\u00fcr eine Beschattung des Bereichs um die Kleinkindrutsche, denn das Thema Hitze- und Sonnenschutz wird immer wichtiger f\u00fcr attraktive Kinderspielpl\u00e4tze.<\/p>\n\n\n\n<p>Die SPD in Walle hatte bereits im letzten Jahr bei einer Spielplatztour mit B\u00fcrgermeister Bovenschulte Anregungen aus der Bev\u00f6lkerung gesammelt. Die W\u00fcnsche der Nutzer*innen sind dann in unseren Antrag \u201eAttraktive Spielpl\u00e4tze in Walle\u201c geflossen, den wir im Sozialausschuss des Beirates gestellt haben. Die Modernisierung des Spielplatzes an der Auguststra\u00dfe war dabei nur ein Punkt. Bei den \u00fcbrigen Baustellen bleiben wir dran \u2013 insbesondere die Neugestaltung der W\u00e4nde am Spielplatz Derfflingerstra\u00dfe und die Aufwertung der Spielm\u00f6glichkeiten in der \u00dcberseestadt sind weiterhin wichtige Anliegen der SPD Walle.<\/p>\n<\/div>\n\n\n<hr class=\"wp-block-separator has-css-opacity\"\/>\n\n<\/li><li class=\"wp-block-post post-586 post type-post status-publish format-standard hentry category-allgemein category-beirat\">\n<h2 class=\"wp-block-post-title\">SPD-Beiratsfraktion: Deshalb w\u00e4hlen wir keine Kandidaten von B\u00fcndnis Deutschland<\/h2>\n\n\n<div class=\"wp-block-columns is-layout-flex wp-container-core-columns-is-layout-d0b3c9c8 wp-block-columns-is-layout-flex\">\n<div class=\"wp-block-column tw-mb-0 is-layout-flow wp-block-column-is-layout-flow\"><div class=\"wp-block-post-author\"><div class=\"wp-block-post-author__avatar\"><img alt='' src='https:\/\/secure.gravatar.com\/avatar\/0894bfdfc0a3a46407fba9179049b0f99c8b70ecf5c2b92d7dc0ba5ef876edaa?s=48&#038;d=mm&#038;r=g' srcset='https:\/\/secure.gravatar.com\/avatar\/0894bfdfc0a3a46407fba9179049b0f99c8b70ecf5c2b92d7dc0ba5ef876edaa?s=96&#038;d=mm&#038;r=g 2x' class='avatar avatar-48 photo' height='48' width='48' \/><\/div><div class=\"wp-block-post-author__content\"><p class=\"wp-block-post-author__name\">Redakteur<\/p><\/div><\/div><\/div>\n\n\n\n<div class=\"wp-block-column tw-mb-0 is-layout-flow wp-block-column-is-layout-flow\"><div class=\"wp-block-post-date\"><time datetime=\"2024-04-18T18:37:09+02:00\">18. April 2024<\/time><\/div><\/div>\n<\/div>\n\n\n\n\n<div class=\"entry-content wp-block-post-content is-layout-flow wp-block-post-content-is-layout-flow\">\n<p>Der Kulturausschuss und der Quartiersausschuss des Waller Beirates haben bisher keine Sprecher*in bzw. stellv. Sprecher*in. In beiden Aussch\u00fcssen fiel die vorgeschlagene Kandidatin der Partei \u201cB\u00fcndnis Deutschland\u201d (BD) durch und verfehlte die n\u00f6tige Mehrheit der Stimmen.<\/p>\n\n\n\n<p><strong>Kein Vertrauen auf eine angemessene Arbeit als Sprecherin<\/strong><\/p>\n\n\n\n<p>F\u00fcr die SPD-Fraktion im Waller Beirat gibt es zwei wesentliche Elemente, warum wir die vorgeschlagene Kandidatin nicht unterst\u00fctzen. Schaut man auf die Arbeit der vorgeschlagenen Person und ihrer Partei im Beirat, so fehlt uns das Vertrauen in eine angemessene Wahrnehmung der Rolle als Sprecherin bzw. stellv. Sprecherin eines Ausschusses. Die Aufgabe einer Sprecherin ist es, den jeweiligen Ausschuss partei\u00fcbergreifend zu vertreten. Uns fehlt die Phantasie, wie eine daf\u00fcr n\u00f6tige vertrauensvolle Zusammenarbeit zustande kommen soll, mit einer Kandidatin, die im Wahlkampf mit einer Mistgabel posierte, auf welcher die anderen Parteien symbolisch aufgespie\u00dft waren. Betrachtet man die Antr\u00e4ge der Partei im Beirat, muss man feststellen, dass diese nicht von konstruktiver Arbeit f\u00fcr die B\u00fcrger*innen im Stadtteil gepr\u00e4gt sind, sondern von grunds\u00e4tzlicher Kritik und Misstrauen an staatlichen Institutionen.<\/p>\n\n\n\n<p><strong>Klare Kante gegen Rechts<\/strong><\/p>\n\n\n\n<p>Als SPD blicken wir auf eine lange Tradition im Kampf gegen rechte Kr\u00e4fte zur\u00fcck. Wir bewerten das disruptive Verhalten von BD und AfD als gef\u00e4hrlich f\u00fcr Staat und Gesellschaft. Auch wenn BD versucht gem\u00e4\u00dfigter aufzutreten, wie es auch das Vorgehen der AfD bis vor einige Zeit war, als offene Rechtsextremisten, finden wir doch in ihren Programmen antidemokratische Forderungen. Kandidat*innen, deren Partei solche Positionen vertritt, finden bei uns keine Unterst\u00fctzung, sondern erkl\u00e4rte politische Gegner*innen.<\/p>\n\n\n\n<p>Wir wissen, dass es eine W\u00e4hlerschaft gibt, die BD in den Waller Beirat gew\u00e4hlt hat und als Demokrat*innen respektieren wir selbstverst\u00e4ndlich diese Entscheidung. Wir behindern BD nicht in den legitimen Rechten als Vertreter*innen ihrer W\u00e4hlerschaft, aber geben ihnen dar\u00fcber hinaus keinen Raum f\u00fcr ihre Politik.<\/p>\n\n\n\n<p><strong>\u00c4hnliche Probleme in der Vergangenheit<\/strong><\/p>\n\n\n\n<p>Vergleichbare Auseinandersetzungen sind l\u00e4ngst von anderen Ebenen bekannt: Der Bundestag w\u00e4hlte bis heute keinen Stellvertretenden Bundestagspr\u00e4sidenten aus der AfD-Fraktion und die Bremische B\u00fcrgerschaft stimmt bisher ebenfalls gegen Vorschl\u00e4ge von AfD und BD. Und auch auf Ebene der Bremer Beir\u00e4te ist in der Vergangenheit ist ein \u00e4hnliches Problem bereits aufgetreten: Bei der Besetzung der Sachkundigen B\u00fcrger*innen &#8211; also der Selbsterg\u00e4nzung des Beirates in seinen Aussch\u00fcssen durch weitere Mitglieder &#8211; gab es in der letzten Legislatur vergleichbare F\u00e4lle. Die AfD hatte nach Stimmgewicht das Vorschlagsrecht, die Beir\u00e4te haben mehrfach die Wahl von AfD-Vertreter*innen verweigert. Der Gesetzgeber erkannte darin eine tats\u00e4chliche Benachteiligung der Partei und entschied sich deshalb zu einer Reform des Beir\u00e4tegesetzes und einer Abw\u00e4gung mit zwei Vor\u00fcberlegungen. Erstens, gew\u00e4hlte Parteien d\u00fcrfen nicht an der Beteiligung gehindert werden und zweitens, bei einer Wahl f\u00fcr ein \u00f6ffentliches Amt muss auch eine Nichtwahl m\u00f6glich sein. Deshalb wurde das Beir\u00e4tegesetz ge\u00e4ndert, so dass die Sachkundige B\u00fcrger*innen (die die Beteiligung der jeweiligen Partei an der Ausschussarbeit sicherstellen) nicht mehr gew\u00e4hlt werden, sondern von den Parteien im Beirat benannt werden. Anders bei den Sprecher*innen der Beir\u00e4te und Aussch\u00fcsse, f\u00fcr diese ist weiterhin eine Wahl vorgesehen &#8211; und damit auch rechtlich die M\u00f6glichkeit einer Nichtwahl. H\u00e4tte der Gesetzgeber eine zwingende Besetzung entlang des Proporzes gewollt, h\u00e4tte er das Beir\u00e4tegesetz auch an dieser Stelle angepasst &#8211; so blieb es bei der bisherigen Regel, dass die Parteien anteilig am Wahlergebnis ein Vorschlagsrecht haben, aber es keine rechtliche Verpflichtung zur Wahl gibt. Zur Sicherheit \u00fcberpr\u00fcft die Senatskanzlei und m\u00f6glicherweise sp\u00e4ter das Verwaltungsgericht aktuell diese Praxis.<\/p>\n\n\n\n<p>Als SPD-Fraktion sind wir weiterhin der Auffassung, dass die Nichtwahl von der BD-Kandidatin im Kultur- und im Quartiersentwicklungsausschuss juristisch korrekt und politisch richtig ist.&nbsp;<\/p>\n<\/div>\n\n\n<hr class=\"wp-block-separator has-css-opacity\"\/>\n\n<\/li><li class=\"wp-block-post post-566 post type-post status-publish format-standard has-post-thumbnail hentry category-allgemein\">\n<h2 class=\"wp-block-post-title\">Jahreshauptversammlung: Ortverein w\u00e4hlt neuen Vorstand<\/h2>\n\n\n<div class=\"wp-block-columns is-layout-flex wp-container-core-columns-is-layout-d0b3c9c8 wp-block-columns-is-layout-flex\">\n<div class=\"wp-block-column tw-mb-0 is-layout-flow wp-block-column-is-layout-flow\"><div class=\"wp-block-post-author\"><div class=\"wp-block-post-author__avatar\"><img alt='' src='https:\/\/secure.gravatar.com\/avatar\/92ecdae320c1d95ae7def9d7a3e28abdae23fef65e141f34eb3b2846f5a4cf81?s=48&#038;d=mm&#038;r=g' srcset='https:\/\/secure.gravatar.com\/avatar\/92ecdae320c1d95ae7def9d7a3e28abdae23fef65e141f34eb3b2846f5a4cf81?s=96&#038;d=mm&#038;r=g 2x' class='avatar avatar-48 photo' height='48' width='48' \/><\/div><div class=\"wp-block-post-author__content\"><p class=\"wp-block-post-author__name\">admin<\/p><\/div><\/div><\/div>\n\n\n\n<div class=\"wp-block-column tw-mb-0 is-layout-flow wp-block-column-is-layout-flow\"><div class=\"wp-block-post-date\"><time datetime=\"2024-03-13T11:24:32+01:00\">13. M\u00e4rz 2024<\/time><\/div><\/div>\n<\/div>\n\n\n<figure class=\"alignwide tw-mt-0 wp-block-post-featured-image\"><a href=\"https:\/\/www.spd-bremen-walle.de\/wordpress\/?p=566\" target=\"_self\"  ><img loading=\"lazy\" decoding=\"async\" width=\"1200\" height=\"900\" src=\"https:\/\/www.spd-bremen-walle.de\/wordpress\/wp-content\/uploads\/2024\/03\/WhatsApp-Image-2024-03-12-at-22.30.50-1-1200x900.jpeg\" class=\"attachment-post-thumbnail size-post-thumbnail wp-post-image\" alt=\"Jahreshauptversammlung: Ortverein w\u00e4hlt neuen Vorstand\" style=\"object-fit:cover;\" srcset=\"https:\/\/www.spd-bremen-walle.de\/wordpress\/wp-content\/uploads\/2024\/03\/WhatsApp-Image-2024-03-12-at-22.30.50-1-1200x900.jpeg 1200w, https:\/\/www.spd-bremen-walle.de\/wordpress\/wp-content\/uploads\/2024\/03\/WhatsApp-Image-2024-03-12-at-22.30.50-1-300x225.jpeg 300w, https:\/\/www.spd-bremen-walle.de\/wordpress\/wp-content\/uploads\/2024\/03\/WhatsApp-Image-2024-03-12-at-22.30.50-1-1024x768.jpeg 1024w, https:\/\/www.spd-bremen-walle.de\/wordpress\/wp-content\/uploads\/2024\/03\/WhatsApp-Image-2024-03-12-at-22.30.50-1-768x576.jpeg 768w, https:\/\/www.spd-bremen-walle.de\/wordpress\/wp-content\/uploads\/2024\/03\/WhatsApp-Image-2024-03-12-at-22.30.50-1-1536x1152.jpeg 1536w, https:\/\/www.spd-bremen-walle.de\/wordpress\/wp-content\/uploads\/2024\/03\/WhatsApp-Image-2024-03-12-at-22.30.50-1-2048x1536.jpeg 2048w, https:\/\/www.spd-bremen-walle.de\/wordpress\/wp-content\/uploads\/2024\/03\/WhatsApp-Image-2024-03-12-at-22.30.50-1-1980x1485.jpeg 1980w\" sizes=\"auto, (max-width: 1200px) 100vw, 1200px\" \/><\/a><\/figure>\n\n<div class=\"entry-content wp-block-post-content is-layout-flow wp-block-post-content-is-layout-flow\">\n<p>Auf unser Jahreshauptversammlung haben wir den Vorstand neu gew\u00e4hlt. Elena bleibt unsere Vorsitzende und Sebastian ihr Stellvertreter. Miriam und Serdar erg\u00e4nzen den gesch\u00e4ftsf\u00fchrenden Vorstand als Schriftf\u00fchrerin und Kassierer.<\/p>\n\n\n\n<p>Als Beisitzer*innen wurden gew\u00e4hlt: Bettina, Sonja, Udo, Burkhard, Silke, Brigitte, Angela Thorsten, Matthias, Martin und Nilg\u00fcn.<\/p>\n\n\n\n<p><strong>Herzlichen Gl\u00fcckwunsch an alle Gew\u00e4hlten!<\/strong><\/p>\n\n\n\n<p>Inhaltlich diskutierten die Teilnehmenden der Versammlung das neue Arbeitsprogramm f\u00fcr 2024-2026 und einen Antrag f\u00fcr den kommenden Parteitag zum Thema Kontaktpolizist*innen. Darin fordern wir den Innensenator auf, ein neues Konzept f\u00fcr deren Arbeit zu entwickeln, die Stellen vollst\u00e4ndig zu besetzen und sie nur in Ausnahmef\u00e4llen KoPs von ihrer Stadtteilarbeit abzuziehen. Den Antrag ver\u00f6ffentlich wir zeitnah hier.<\/p>\n\n\n\n<p>Danke an alle, die da waren. Auf dem Foto seht ihr unseren neuen Vorstand &#8211; Miriam und Nilg\u00fcn fehlen entschuldigt.<\/p>\n<\/div>\n\n\n<hr class=\"wp-block-separator has-css-opacity\"\/>\n\n<\/li><li class=\"wp-block-post post-554 post type-post status-publish format-standard hentry category-allgemein\">\n<h2 class=\"wp-block-post-title\">Der Fachausschuss \u201e\u00dcberseestadt, \u00a0<\/h2>\n\n\n<div class=\"wp-block-columns is-layout-flex wp-container-core-columns-is-layout-d0b3c9c8 wp-block-columns-is-layout-flex\">\n<div class=\"wp-block-column tw-mb-0 is-layout-flow wp-block-column-is-layout-flow\"><div class=\"wp-block-post-author\"><div class=\"wp-block-post-author__avatar\"><img alt='' src='https:\/\/secure.gravatar.com\/avatar\/0894bfdfc0a3a46407fba9179049b0f99c8b70ecf5c2b92d7dc0ba5ef876edaa?s=48&#038;d=mm&#038;r=g' srcset='https:\/\/secure.gravatar.com\/avatar\/0894bfdfc0a3a46407fba9179049b0f99c8b70ecf5c2b92d7dc0ba5ef876edaa?s=96&#038;d=mm&#038;r=g 2x' class='avatar avatar-48 photo' height='48' width='48' \/><\/div><div class=\"wp-block-post-author__content\"><p class=\"wp-block-post-author__name\">Redakteur<\/p><\/div><\/div><\/div>\n\n\n\n<div class=\"wp-block-column tw-mb-0 is-layout-flow wp-block-column-is-layout-flow\"><div class=\"wp-block-post-date\"><time datetime=\"2023-08-09T21:00:25+02:00\">9. August 2023<\/time><\/div><\/div>\n<\/div>\n\n\n\n\n<div class=\"entry-content wp-block-post-content is-layout-flow wp-block-post-content-is-layout-flow\">\n<p><strong>&#8230;Wirtschaft und Arbeit\u201c des Waller Stadtteilbeirats hat seine Arbeit aufgenommen.<\/strong><br>Am 24. Juli 2023 kamen die acht frisch gew\u00e4hlten oder benannten Ausschussmitglieder zur konstituierenden Sitzung im Sitzungssaal des Ortsamt West zusammen. Zum Sprecher des Ausschusses wurde der neu in den Beirat gew\u00e4hlte Jan Klepatz von der CDU benannt. Das Amt seiner Stellvertreterin \u00fcbernimmt Brigitte Grziwa-Pohlmann (SPD). In beiden F\u00e4llen war das Votum einstimmig.<\/p>\n\n\n\n<p>Zum Ausschuss geh\u00f6ren weiter die Beiratsmitglieder Brunhilde Wilhelm (Gr\u00fcne), Tanja H\u00e4fker (B\u00fcndnis Deutschland) sowie die sachkundigen B\u00fcrger Udo Schmidt (SPD), Maria Kaufhold (CDU) und Thomas Bierstedt (Linke), Bj\u00f6rn Tuchscherer von der FDP ist nach \u00a7 23.5 des Beir\u00e4te-Ortsgesetzes mit beratender Stimme dabei.<\/p>\n\n\n\n<p>Die n\u00e4chste \u00f6ffentliche Sitzung des \u00dcberseestadt-Ausschusses ist f\u00fcr den Donnerstag, 7. September, vorgesehen. Die genauen Termine, Sitzungsorte und gegebenenfalls die Zugangslinks zu Online- oder Hybridkonferenzen werden ver\u00f6ffentlicht auf der Homepage des Ortsamt West, <a href=\"http:\/\/www.ortsamtwest.bremen.de\">www.ortsamtwest.bremen.de<\/a>.<\/p>\n\n\n\n<p>\/US<\/p>\n<\/div>\n\n\n<hr class=\"wp-block-separator has-css-opacity\"\/>\n\n<\/li><\/ul><\/div>\n","protected":false},"excerpt":{"rendered":"<p>Unser Blog f\u00fcr Walle An dieser Stelle wollen wir \u00fcber unsere Arbeit und unseren Stadtteil informieren. Wir planen kurze Berichte aus Beirat und B\u00fcrgerschaft, Meinungsartikel zur aktuellen Lage und hintergr\u00fcndige Informationen zu wichtigen Themen im Stadtteil.<\/p>\n","protected":false},"author":1,"featured_media":0,"parent":0,"menu_order":0,"comment_status":"closed","ping_status":"closed","template":"","meta":{"footnotes":""},"class_list":["post-399","page","type-page","status-publish","hentry"],"_links":{"self":[{"href":"https:\/\/www.spd-bremen-walle.de\/wordpress\/index.php?rest_route=\/wp\/v2\/pages\/399","targetHints":{"allow":["GET"]}}],"collection":[{"href":"https:\/\/www.spd-bremen-walle.de\/wordpress\/index.php?rest_route=\/wp\/v2\/pages"}],"about":[{"href":"https:\/\/www.spd-bremen-walle.de\/wordpress\/index.php?rest_route=\/wp\/v2\/types\/page"}],"author":[{"embeddable":true,"href":"https:\/\/www.spd-bremen-walle.de\/wordpress\/index.php?rest_route=\/wp\/v2\/users\/1"}],"replies":[{"embeddable":true,"href":"https:\/\/www.spd-bremen-walle.de\/wordpress\/index.php?rest_route=%2Fwp%2Fv2%2Fcomments&post=399"}],"version-history":[{"count":10,"href":"https:\/\/www.spd-bremen-walle.de\/wordpress\/index.php?rest_route=\/wp\/v2\/pages\/399\/revisions"}],"predecessor-version":[{"id":491,"href":"https:\/\/www.spd-bremen-walle.de\/wordpress\/index.php?rest_route=\/wp\/v2\/pages\/399\/revisions\/491"}],"wp:attachment":[{"href":"https:\/\/www.spd-bremen-walle.de\/wordpress\/index.php?rest_route=%2Fwp%2Fv2%2Fmedia&parent=399"}],"curies":[{"name":"wp","href":"https:\/\/api.w.org\/{rel}","templated":true}]}}