{"id":63,"date":"2022-12-23T18:18:09","date_gmt":"2022-12-23T17:18:09","guid":{"rendered":"https:\/\/www.spd-bremen-walle.de\/wordpress\/?page_id=63"},"modified":"2023-01-25T14:55:04","modified_gmt":"2023-01-25T13:55:04","slug":"in-der-buergerschaft","status":"publish","type":"page","link":"https:\/\/www.spd-bremen-walle.de\/wordpress\/?page_id=63","title":{"rendered":"In der B\u00fcrgerschaft"},"content":{"rendered":"\n<p><strong>F\u00fcr Walle in der B\u00fcrgerschaft: Falk Wagner<\/strong><\/p>\n\n\n\n<figure class=\"wp-block-image size-large\"><img loading=\"lazy\" decoding=\"async\" width=\"1024\" height=\"597\" src=\"https:\/\/www.spd-bremen-walle.de\/wordpress\/wp-content\/uploads\/2022\/12\/2_20221228_133920_0001-1024x597.png\" alt=\"\" class=\"wp-image-113\" srcset=\"https:\/\/www.spd-bremen-walle.de\/wordpress\/wp-content\/uploads\/2022\/12\/2_20221228_133920_0001-1024x597.png 1024w, https:\/\/www.spd-bremen-walle.de\/wordpress\/wp-content\/uploads\/2022\/12\/2_20221228_133920_0001-300x175.png 300w, https:\/\/www.spd-bremen-walle.de\/wordpress\/wp-content\/uploads\/2022\/12\/2_20221228_133920_0001-768x448.png 768w, https:\/\/www.spd-bremen-walle.de\/wordpress\/wp-content\/uploads\/2022\/12\/2_20221228_133920_0001.png 1200w\" sizes=\"auto, (max-width: 1024px) 100vw, 1024px\" \/><figcaption class=\"wp-element-caption\">Bild: SPD Land Bremen<\/figcaption><\/figure>\n\n\n\n<p>2019 haben wir erstmals Falk Wagner erfolgreich ins Rennen um die B\u00fcrgerschaft geschickt. Seitdem vertritt der studierte Sozialforscher den Stadtteil Walle in Bremens Parlament. F\u00fcr die SPD-Fraktion ist Falk Wagner Sprecher f\u00fcr Bau, Wohnen und Stadtentwicklung. Sein Kernthema ist das bezahlbare Wohnen in unserer Stadt. Er engagiert sich f\u00fcr mehr Wohnungen in st\u00e4dtischer Hand, f\u00fcr Mieterrechte und ist Initiator von Bremens erstem Azubi-Wohnheim. In der Stadtentwicklung setzt sich Falk daf\u00fcr ein, dass alte Arbeiterquartiere Bremens zu neuem Glanz kommen \u2013 so wie unser Walle. Ehrenamtlich ist Falk Vorsitzender der SPD Bremen-Stadt.<\/p>\n\n\n\n<p>Am 14. Mai 2023 kandidiert Falk f\u00fcr die B\u00fcrgerschaft auf der Liste der SPD, Platz 7. Wir bitten alle Wallerinnen und Waller um ihre Unterst\u00fctzung!<\/p>\n\n\n\n<p>Alle parlamentarischen Initiativen von Falk findet ihr auf der Seite der SPD-B\u00fcrgerschaftsfraktion: <a href=\"https:\/\/www.spd-fraktion-bremen.de\/abgeordnete\/falk-wagner\/\">https:\/\/www.spd-fraktion-bremen.de\/abgeordnete\/falk-wagner\/<\/a><\/p>\n\n\n\n<p>Bei Fragen und Anregungen erreicht ihr Falk per Mail unter <a href=\"mailto:falk.wagner@spd-fraktion-bremen.de\" target=\"_blank\" rel=\"noreferrer noopener\">falk.wagner@spd-fraktion-bremen.de<\/a><\/p>\n\n\n\n<hr class=\"wp-block-separator has-alpha-channel-opacity\"\/>\n","protected":false},"excerpt":{"rendered":"<p>F\u00fcr Walle in der B\u00fcrgerschaft: Falk Wagner 2019 haben wir erstmals Falk Wagner erfolgreich ins Rennen um die B\u00fcrgerschaft geschickt. Seitdem vertritt der studierte Sozialforscher den Stadtteil Walle in Bremens Parlament. F\u00fcr die SPD-Fraktion ist Falk Wagner Sprecher f\u00fcr Bau, Wohnen und Stadtentwicklung. Sein Kernthema ist das bezahlbare Wohnen in unserer Stadt. Er engagiert sich&hellip;<\/p>\n","protected":false},"author":1,"featured_media":0,"parent":0,"menu_order":0,"comment_status":"closed","ping_status":"closed","template":"","meta":{"footnotes":""},"class_list":["post-63","page","type-page","status-publish","hentry"],"_links":{"self":[{"href":"https:\/\/www.spd-bremen-walle.de\/wordpress\/index.php?rest_route=\/wp\/v2\/pages\/63","targetHints":{"allow":["GET"]}}],"collection":[{"href":"https:\/\/www.spd-bremen-walle.de\/wordpress\/index.php?rest_route=\/wp\/v2\/pages"}],"about":[{"href":"https:\/\/www.spd-bremen-walle.de\/wordpress\/index.php?rest_route=\/wp\/v2\/types\/page"}],"author":[{"embeddable":true,"href":"https:\/\/www.spd-bremen-walle.de\/wordpress\/index.php?rest_route=\/wp\/v2\/users\/1"}],"replies":[{"embeddable":true,"href":"https:\/\/www.spd-bremen-walle.de\/wordpress\/index.php?rest_route=%2Fwp%2Fv2%2Fcomments&post=63"}],"version-history":[{"count":5,"href":"https:\/\/www.spd-bremen-walle.de\/wordpress\/index.php?rest_route=\/wp\/v2\/pages\/63\/revisions"}],"predecessor-version":[{"id":216,"href":"https:\/\/www.spd-bremen-walle.de\/wordpress\/index.php?rest_route=\/wp\/v2\/pages\/63\/revisions\/216"}],"wp:attachment":[{"href":"https:\/\/www.spd-bremen-walle.de\/wordpress\/index.php?rest_route=%2Fwp%2Fv2%2Fmedia&parent=63"}],"curies":[{"name":"wp","href":"https:\/\/api.w.org\/{rel}","templated":true}]}}