{"id":78,"date":"2022-12-23T23:21:15","date_gmt":"2022-12-23T22:21:15","guid":{"rendered":"https:\/\/www.spd-bremen-walle.de\/wordpress\/?page_id=78"},"modified":"2024-11-08T22:39:56","modified_gmt":"2024-11-08T21:39:56","slug":"im-beirat","status":"publish","type":"page","link":"https:\/\/www.spd-bremen-walle.de\/wordpress\/?page_id=78","title":{"rendered":"Im Beirat"},"content":{"rendered":"\n<p>Die SPD stellt im Beirat Walle die gr\u00f6\u00dfte Fraktion. Unsere f\u00fcnf Mitglieder setzen sich zusammen mit unseren sachkundigen B\u00fcrger*innen f\u00fcr ein solidarisches Miteinander im Stadtteil ein.<\/p>\n\n\n\n<h3 class=\"wp-block-heading\">F\u00fcr die SPD im Beirat Walle:<\/h3>\n\n\n<div id=\"awsm-team-532\" class=\"awsm-grid-wrapper\">\n\t\t\n\t\t\t<div class=\"awsm-grid list-style style-1 grid-2-col \">\n\t\t\t\t\t\t<div id=\"awsm-member-532-316\" class=\"awsm-grid-card awsm-team-item awsm-scale-anm awsm-all\">\n\t\t\t\t   <figure>\n\t\t\t\t\t <img loading=\"lazy\" decoding=\"async\" width=\"500\" height=\"500\" src=\"https:\/\/www.spd-bremen-walle.de\/wordpress\/wp-content\/uploads\/2023\/03\/1-500x500.png\" class=\"attachment-awsm_team size-awsm_team wp-post-image\" alt=\"\" \/>\t\t\t\t\t\t <figcaption>\n\t\t\t\t\t\t\t<div class=\"awsm-personal-info\"><h3>Brigitte Grziwa-Pohlmann<\/h3><span>Beiratssprecherin<\/span><\/div>\n\t\t\t\t\t\t\t<div class=\"awsm-contact-info\">\n\t\t\t\t\t\t\t\t\n<p>Beiratssprecherin, stellvertretende Vorsitzende des Fachausschusses \u201e\u00dcberseestadt, Wirtschaft und Arbeit\u201c<br><br>&#8222;Walle ist mein sch\u00f6nes Zuhause. Ein guter Dialog mit allen Waller*innen ist mir wichtig. Ihre Interessen m\u00f6chte ich in die politische Arbeit im Beirat mitnehmen und\u00a0dort ber\u00fccksichtigen.<\/p>\n\n\n\n<p>Gemeinsam f\u00fcr Walle!&#8220;<\/p>\n<div class=\"awsm-contact-details\"><p><span>Mail::<\/span><a href=\"mailto:b-grziwa-pohlmann@t-online.de\">b-grziwa-pohlmann@t-online.de<\/a><\/p><\/div>\t\t\t\t\t\t\t<\/div>\n\t\t\t\t\t\t <\/figcaption>\n\t\t\t\t   <\/figure>\n\t\t\t\t<\/div>\n\t\t\t\t\t\t\t<div id=\"awsm-member-532-333\" class=\"awsm-grid-card awsm-team-item awsm-scale-anm awsm-all\">\n\t\t\t\t   <figure>\n\t\t\t\t\t <img loading=\"lazy\" decoding=\"async\" width=\"500\" height=\"500\" src=\"https:\/\/www.spd-bremen-walle.de\/wordpress\/wp-content\/uploads\/2023\/03\/3-500x500.png\" class=\"attachment-awsm_team size-awsm_team wp-post-image\" alt=\"\" \/>\t\t\t\t\t\t <figcaption>\n\t\t\t\t\t\t\t<div class=\"awsm-personal-info\"><h3>Sonja Kapp<\/h3><span><\/span><\/div>\n\t\t\t\t\t\t\t<div class=\"awsm-contact-info\">\n\t\t\t\t\t\t\t\t\n<p>Fraktionssprecherin, Mitglied im Fachausschuss \u201eSoziales, Kinder, Jugend, Senior:innen, Gesundheit,gef\u00f6rderte Besch\u00e4ftigung, und Migration\u201c<br><br>&#8222;Soziales Miteinander st\u00e4rken, mehr Aufenthaltsr\u00e4ume schaffen und eine Versorgung der kurzen Wege f\u00f6rdern, daf\u00fcr will ich mich im Beirat Walle einsetzen!&#8220;<\/p>\n<div class=\"awsm-contact-details\"><p><span>e-Mail::<\/span><a href=\"mailto:sokapp@web.de\">sokapp@web.de<\/a><\/p><\/div>\t\t\t\t\t\t\t<\/div>\n\t\t\t\t\t\t <\/figcaption>\n\t\t\t\t   <\/figure>\n\t\t\t\t<\/div>\n\t\t\t\t\t\t\t<div id=\"awsm-member-532-319\" class=\"awsm-grid-card awsm-team-item awsm-scale-anm awsm-all\">\n\t\t\t\t   <figure>\n\t\t\t\t\t <img loading=\"lazy\" decoding=\"async\" width=\"500\" height=\"500\" src=\"https:\/\/www.spd-bremen-walle.de\/wordpress\/wp-content\/uploads\/2023\/03\/2-500x500.png\" class=\"attachment-awsm_team size-awsm_team wp-post-image\" alt=\"\" \/>\t\t\t\t\t\t <figcaption>\n\t\t\t\t\t\t\t<div class=\"awsm-personal-info\"><h3>Sebastian Schmugler<\/h3><span><\/span><\/div>\n\t\t\t\t\t\t\t<div class=\"awsm-contact-info\">\n\t\t\t\t\t\t\t\t\n<p>stellvertretender Fraktionssprecher, Mitglied in den Fachaussch\u00fcssen \u201eQuartiers- und Stadtteilentwicklung\u201c und &#8222;Kultur, Sport, Migration\u201c<br><br>&#8222;Beiratsarbeit hei\u00dft f\u00fcr mich: Politik f\u00fcr das direkte Lebensumfeld der Menschen im Stadtteil. Besonders junge Menschen brauchen eine Stimme!&#8220;<\/p>\n<div class=\"awsm-contact-details\"><p><span>Mail::<\/span><a href=\"mailto:sschmugler@web.de\">sschmugler@web.de<\/a><\/p><\/div>\t\t\t\t\t\t\t<\/div>\n\t\t\t\t\t\t <\/figcaption>\n\t\t\t\t   <\/figure>\n\t\t\t\t<\/div>\n\t\t\t\t\t\t\t<div id=\"awsm-member-532-335\" class=\"awsm-grid-card awsm-team-item awsm-scale-anm awsm-all\">\n\t\t\t\t   <figure>\n\t\t\t\t\t <img loading=\"lazy\" decoding=\"async\" width=\"500\" height=\"500\" src=\"https:\/\/www.spd-bremen-walle.de\/wordpress\/wp-content\/uploads\/2023\/03\/5-500x500.png\" class=\"attachment-awsm_team size-awsm_team wp-post-image\" alt=\"\" \/>\t\t\t\t\t\t <figcaption>\n\t\t\t\t\t\t\t<div class=\"awsm-personal-info\"><h3>Nicoletta Witt<\/h3><span><\/span><\/div>\n\t\t\t\t\t\t\t<div class=\"awsm-contact-info\">\n\t\t\t\t\t\t\t\t\n<p>Mitglied im Fachausschuss \u201eBildung, fr\u00fchkindliche Bildung, Weiterbildung und Migration\u201c<br><br>Seit ca. 30 Jahren bin ich aktiv im Waller Beirat t\u00e4tig. Als geb\u00fcrtige Wallerin liegen mir die Bereiche Bildung, Soziales, Kultur, Bau und auch Quartiersfragen am Herzen.<\/p>\n<div class=\"awsm-contact-details\"><p><span>Mail:<\/span><a href=\"mailto:Nicoletta_W@gmx.de\">Nicoletta_W@gmx.de<\/a><\/p><\/div>\t\t\t\t\t\t\t<\/div>\n\t\t\t\t\t\t <\/figcaption>\n\t\t\t\t   <\/figure>\n\t\t\t\t<\/div>\n\t\t\t\t\t\t\t<div id=\"awsm-member-532-334\" class=\"awsm-grid-card awsm-team-item awsm-scale-anm awsm-all\">\n\t\t\t\t   <figure>\n\t\t\t\t\t <img loading=\"lazy\" decoding=\"async\" width=\"500\" height=\"500\" src=\"https:\/\/www.spd-bremen-walle.de\/wordpress\/wp-content\/uploads\/2023\/03\/4-500x500.png\" class=\"attachment-awsm_team size-awsm_team wp-post-image\" alt=\"\" \/>\t\t\t\t\t\t <figcaption>\n\t\t\t\t\t\t\t<div class=\"awsm-personal-info\"><h3>Burkhard Winsemann<\/h3><span><\/span><\/div>\n\t\t\t\t\t\t\t<div class=\"awsm-contact-info\">\n\t\t\t\t\t\t\t\t\n<p>Vorsitzender des Fachausschusses &#8222;Bau, Umwelt und Verkehr&#8220;<br><br>&#8222;Lebenswertes Walle f\u00fcr Alle hei\u00dft f\u00fcr mich: Unterschiedliche Interessen und Lebensweisen ber\u00fccksichtige und bestm\u00f6glich miteinander in Einklang bringen.&#8220;<\/p>\n<div class=\"awsm-contact-details\"><p><span>Mail::<\/span><a href=\"mailto:b.winsemann@web.de\">b.winsemann@web.de<\/a><\/p><\/div>\t\t\t\t\t\t\t<\/div>\n\t\t\t\t\t\t <\/figcaption>\n\t\t\t\t   <\/figure>\n\t\t\t\t<\/div>\n\t\t\t\t\t<\/div>\n\t\t<\/div>\n\n\n\n\n<p><strong>Sachkundige B\u00fcrgerInnen<\/strong><\/p>\n\n\n<div id=\"awsm-team-542\" class=\"awsm-grid-wrapper\">\n\t\t\n\t\t\t<div class=\"awsm-grid list-style style-1 grid-2-col \">\n\t\t\t\t\t\t<div id=\"awsm-member-542-338\" class=\"awsm-grid-card awsm-team-item awsm-scale-anm awsm-all\">\n\t\t\t\t   <figure>\n\t\t\t\t\t <img loading=\"lazy\" decoding=\"async\" width=\"500\" height=\"500\" src=\"https:\/\/www.spd-bremen-walle.de\/wordpress\/wp-content\/uploads\/2023\/03\/8-500x500.png\" class=\"attachment-awsm_team size-awsm_team wp-post-image\" alt=\"\" \/>\t\t\t\t\t\t <figcaption>\n\t\t\t\t\t\t\t<div class=\"awsm-personal-info\"><h3>Udo Schmidt<\/h3><span><\/span><\/div>\n\t\t\t\t\t\t\t<div class=\"awsm-contact-info\">\n\t\t\t\t\t\t\t\t\n<p>Sachkundiger B\u00fcrger im Fachausschuss &#8222;\u00dcberseestadt, Wirtschaft und Arbeit&#8220;<br><br>&#8222;Die Bedarfe der B\u00fcrger stehen f\u00fcr mich im Vordergrund. Und den B\u00fcrgern gegen\u00fcber f\u00fchle ich mich verpflichtet.&#8220;<\/p>\n<div class=\"awsm-contact-details\"><p><span>Mail::<\/span><a href=\"mailto:udo.schmidt@spd-bremen.org\">udo.schmidt@spd-bremen.org<\/a><\/p><\/div>\t\t\t\t\t\t\t<\/div>\n\t\t\t\t\t\t <\/figcaption>\n\t\t\t\t   <\/figure>\n\t\t\t\t<\/div>\n\t\t\t\t\t\t\t<div id=\"awsm-member-542-337\" class=\"awsm-grid-card awsm-team-item awsm-scale-anm awsm-all\">\n\t\t\t\t   <figure>\n\t\t\t\t\t <img loading=\"lazy\" decoding=\"async\" width=\"500\" height=\"500\" src=\"https:\/\/www.spd-bremen-walle.de\/wordpress\/wp-content\/uploads\/2023\/03\/7-500x500.png\" class=\"attachment-awsm_team size-awsm_team wp-post-image\" alt=\"\" \/>\t\t\t\t\t\t <figcaption>\n\t\t\t\t\t\t\t<div class=\"awsm-personal-info\"><h3>Angela Stoklosinski<\/h3><span><\/span><\/div>\n\t\t\t\t\t\t\t<div class=\"awsm-contact-info\">\n\t\t\t\t\t\t\t\t\n<p>Sachkundige B\u00fcrgerin im Fachausschuss \u201eKultur, Sport, Migration\u201c<br><br>&#8222;Sicherheit und Sauberkeit sind wichtig f\u00fcr ein positives Lebensgef\u00fchl, ein gutes Miteinander und Zufriedenheit f\u00fcr uns alle in Walle. Daf\u00fcr werde ich mich im Beirat einsetzen.&#8220;<\/p>\n<div class=\"awsm-contact-details\"><p><span>Mail::<\/span><a href=\"mailto:angela.stoklosinski@online.de\">angela.stoklosinski@online.de<\/a><\/p><\/div>\t\t\t\t\t\t\t<\/div>\n\t\t\t\t\t\t <\/figcaption>\n\t\t\t\t   <\/figure>\n\t\t\t\t<\/div>\n\t\t\t\t\t\t\t<div id=\"awsm-member-542-340\" class=\"awsm-grid-card awsm-team-item awsm-scale-anm awsm-all\">\n\t\t\t\t   <figure>\n\t\t\t\t\t <img loading=\"lazy\" decoding=\"async\" width=\"500\" height=\"500\" src=\"https:\/\/www.spd-bremen-walle.de\/wordpress\/wp-content\/uploads\/2023\/03\/10-500x500.png\" class=\"attachment-awsm_team size-awsm_team wp-post-image\" alt=\"\" \/>\t\t\t\t\t\t <figcaption>\n\t\t\t\t\t\t\t<div class=\"awsm-personal-info\"><h3>Thorsten Neumann<\/h3><span><\/span><\/div>\n\t\t\t\t\t\t\t<div class=\"awsm-contact-info\">\n\t\t\t\t\t\t\t\t\n<p>Sachkundiger B\u00fcrger im Fachausschuss \u201eQuartiers- und Stadtteilentwicklung\u201c<br><br>&#8222;Politik ist nur dann gut, wenn sie einen fairen Interessensausgleich schafft! Ich wende mich daher strikt gegen Klientelpolitik und ein gegeneinander ausspielen der Bev\u00f6lkerung.&#8220;<\/p>\n\t\t\t\t\t\t\t<\/div>\n\t\t\t\t\t\t <\/figcaption>\n\t\t\t\t   <\/figure>\n\t\t\t\t<\/div>\n\t\t\t\t\t\t\t<div id=\"awsm-member-542-341\" class=\"awsm-grid-card awsm-team-item awsm-scale-anm awsm-all\">\n\t\t\t\t   <figure>\n\t\t\t\t\t <img loading=\"lazy\" decoding=\"async\" width=\"500\" height=\"500\" src=\"https:\/\/www.spd-bremen-walle.de\/wordpress\/wp-content\/uploads\/2023\/03\/11-500x500.png\" class=\"attachment-awsm_team size-awsm_team wp-post-image\" alt=\"\" \/>\t\t\t\t\t\t <figcaption>\n\t\t\t\t\t\t\t<div class=\"awsm-personal-info\"><h3>Miriam Sulimma<\/h3><span><\/span><\/div>\n\t\t\t\t\t\t\t<div class=\"awsm-contact-info\">\n\t\t\t\t\t\t\t\t\n<p>Sachkundige B\u00fcrgerin im Fachausschuss &#8222;Bau, Umwelt und Verkehr&#8220;<br><br>&#8222;Ich m\u00f6chte mich im Waller Beirat besonders f\u00fcr die Anliegen und Belange der Kinder und Familien in unserem Stadtteil einsetzen. Dazu geh\u00f6ren sch\u00f6ne, saubere Spielpl\u00e4tze und -fl\u00e4chen sowie sichere Schulwege.&#8220;<\/p>\n\t\t\t\t\t\t\t<\/div>\n\t\t\t\t\t\t <\/figcaption>\n\t\t\t\t   <\/figure>\n\t\t\t\t<\/div>\n\t\t\t\t\t\t\t<div id=\"awsm-member-542-352\" class=\"awsm-grid-card awsm-team-item awsm-scale-anm awsm-all\">\n\t\t\t\t   <figure>\n\t\t\t\t\t <img loading=\"lazy\" decoding=\"async\" width=\"500\" height=\"500\" src=\"https:\/\/www.spd-bremen-walle.de\/wordpress\/wp-content\/uploads\/2023\/03\/17-500x500.png\" class=\"attachment-awsm_team size-awsm_team wp-post-image\" alt=\"\" \/>\t\t\t\t\t\t <figcaption>\n\t\t\t\t\t\t\t<div class=\"awsm-personal-info\"><h3>Elena Reichwald<\/h3><span>Listenplatz 17<\/span><\/div>\n\t\t\t\t\t\t\t<div class=\"awsm-contact-info\">\n\t\t\t\t\t\t\t\t\n<p class=\"has-background\" style=\"background-color:#ff000000\">Sachkundige B\u00fcrgerin im Fachausschuss &#8222;Bildung, fr\u00fchkindliche Bildung, Weiterbildung und Migration\u201c<br><br>Bildungsgerechtigkeit von klein auf an liegt mir am Herzen. Walles KiTas und Schulen brauchen eine bedarfsgerechte Ausstattung und Waller Eltern brauchen Verl\u00e4sslichkeit. Daf\u00fcr m\u00f6chte ich mich einsetzen.<\/p>\n<div class=\"awsm-contact-details\"><p><span>Mail::<\/span><a href=\"mailto:elena.reichwald@spd-bremen.org\">elena.reichwald@spd-bremen.org<\/a><\/p><\/div>\t\t\t\t\t\t\t<\/div>\n\t\t\t\t\t\t <\/figcaption>\n\t\t\t\t   <\/figure>\n\t\t\t\t<\/div>\n\t\t\t\t\t<\/div>\n\t\t<\/div>\n\n\n\n\n<hr class=\"wp-block-separator has-alpha-channel-opacity\"\/>\n","protected":false},"excerpt":{"rendered":"<p>Die SPD stellt im Beirat Walle die gr\u00f6\u00dfte Fraktion. Unsere f\u00fcnf Mitglieder setzen sich zusammen mit unseren sachkundigen B\u00fcrger*innen f\u00fcr ein solidarisches Miteinander im Stadtteil ein. F\u00fcr die SPD im Beirat Walle: Sachkundige B\u00fcrgerInnen<\/p>\n","protected":false},"author":1,"featured_media":0,"parent":0,"menu_order":0,"comment_status":"closed","ping_status":"closed","template":"","meta":{"footnotes":""},"class_list":["post-78","page","type-page","status-publish","hentry"],"_links":{"self":[{"href":"https:\/\/www.spd-bremen-walle.de\/wordpress\/index.php?rest_route=\/wp\/v2\/pages\/78","targetHints":{"allow":["GET"]}}],"collection":[{"href":"https:\/\/www.spd-bremen-walle.de\/wordpress\/index.php?rest_route=\/wp\/v2\/pages"}],"about":[{"href":"https:\/\/www.spd-bremen-walle.de\/wordpress\/index.php?rest_route=\/wp\/v2\/types\/page"}],"author":[{"embeddable":true,"href":"https:\/\/www.spd-bremen-walle.de\/wordpress\/index.php?rest_route=\/wp\/v2\/users\/1"}],"replies":[{"embeddable":true,"href":"https:\/\/www.spd-bremen-walle.de\/wordpress\/index.php?rest_route=%2Fwp%2Fv2%2Fcomments&post=78"}],"version-history":[{"count":9,"href":"https:\/\/www.spd-bremen-walle.de\/wordpress\/index.php?rest_route=\/wp\/v2\/pages\/78\/revisions"}],"predecessor-version":[{"id":669,"href":"https:\/\/www.spd-bremen-walle.de\/wordpress\/index.php?rest_route=\/wp\/v2\/pages\/78\/revisions\/669"}],"wp:attachment":[{"href":"https:\/\/www.spd-bremen-walle.de\/wordpress\/index.php?rest_route=%2Fwp%2Fv2%2Fmedia&parent=78"}],"curies":[{"name":"wp","href":"https:\/\/api.w.org\/{rel}","templated":true}]}}